{"id":29879,"date":"2021-02-09T22:38:04","date_gmt":"2021-02-09T21:38:04","guid":{"rendered":"https:\/\/eve.guenat-creations.com\/?page_id=29879"},"modified":"2022-04-26T22:25:12","modified_gmt":"2022-04-26T20:25:12","slug":"sur-mesure","status":"publish","type":"page","link":"https:\/\/guenat-creations.com\/accueil\/sur-mesure","title":{"rendered":"Sur mesure"},"content":{"rendered":"\t\t<div data-elementor-type=\"wp-page\" data-elementor-id=\"29879\" class=\"elementor elementor-29879\" data-elementor-settings=\"[]\">\n\t\t\t\t\t\t\t<div class=\"elementor-section-wrap\">\n\t\t\t\t\t\t\t<section class=\"elementor-section elementor-top-section elementor-element elementor-element-46d6ea11 elementor-section-height-min-height elementor-section-boxed elementor-section-height-default elementor-section-items-middle\" data-id=\"46d6ea11\" data-element_type=\"section\" data-settings=\"{&quot;background_background&quot;:&quot;classic&quot;}\">\n\t\t\t\t\t\t\t<div class=\"elementor-background-overlay\"><\/div>\n\t\t\t\t\t\t\t<div class=\"elementor-container elementor-column-gap-default\">\n\t\t\t\t\t<div class=\"elementor-column elementor-col-100 elementor-top-column elementor-element elementor-element-3b8d3015\" data-id=\"3b8d3015\" data-element_type=\"column\">\n\t\t\t<div class=\"elementor-widget-wrap elementor-element-populated\">\n\t\t\t\t\t\t\t\t<div class=\"elementor-element elementor-element-4bd6880f elementor-widget elementor-widget-heading\" data-id=\"4bd6880f\" data-element_type=\"widget\" data-widget_type=\"heading.default\">\n\t\t\t\t<div class=\"elementor-widget-container\">\n\t\t\t<h1 class=\"elementor-heading-title elementor-size-default\">Sur mesure<\/h1>\t\t<\/div>\n\t\t\t\t<\/div>\n\t\t\t\t<div class=\"elementor-element elementor-element-65261bd elementor-widget elementor-widget-heading\" data-id=\"65261bd\" data-element_type=\"widget\" data-widget_type=\"heading.default\">\n\t\t\t\t<div class=\"elementor-widget-container\">\n\t\t\t<h1 class=\"elementor-heading-title elementor-size-default\">Pi\u00e8ces uniques, ces cr\u00e9ations peuvent \u00eatre fa\u00e7onn\u00e9es sur mesure et dans de multiples versions.<br>\n<br>Choix de formes, de design, de m\u00e9taux et de bois ou int\u00e9gration de pierres fines...Les possibilit\u00e9s sont vastes.<br> <br>Inspirez-vous des mod\u00e8les que vous trouverez dans la collection ou directement n\u00e9s de votre imagination (croquis, dessins...)<br><br>\n\nJe vous accompagnerai de mon exp\u00e9rience et ma cr\u00e9ativit\u00e9 afin de personnaliser un bijou \u00e0 votre image...<br><\/h1>\t\t<\/div>\n\t\t\t\t<\/div>\n\t\t\t\t\t<\/div>\n\t\t<\/div>\n\t\t\t\t\t\t\t<\/div>\n\t\t<\/section>\n\t\t\t\t<section class=\"elementor-section elementor-top-section elementor-element elementor-element-7bb9a90 elementor-section-height-min-height elementor-section-boxed elementor-section-height-default elementor-section-items-middle\" data-id=\"7bb9a90\" data-element_type=\"section\" data-settings=\"{&quot;background_background&quot;:&quot;classic&quot;}\">\n\t\t\t\t\t\t\t<div class=\"elementor-background-overlay\"><\/div>\n\t\t\t\t\t\t\t<div class=\"elementor-container elementor-column-gap-default\">\n\t\t\t\t\t<div class=\"elementor-column elementor-col-100 elementor-top-column elementor-element elementor-element-03bb660\" data-id=\"03bb660\" data-element_type=\"column\">\n\t\t\t<div class=\"elementor-widget-wrap elementor-element-populated\">\n\t\t\t\t\t\t\t\t<div class=\"elementor-element elementor-element-3119133 elementor-widget elementor-widget-heading\" data-id=\"3119133\" data-element_type=\"widget\" data-widget_type=\"heading.default\">\n\t\t\t\t<div class=\"elementor-widget-container\">\n\t\t\t<h1 class=\"elementor-heading-title elementor-size-default\">Pour vous conseiller au mieux dans l'\u00e9laboration d'une cr\u00e9ation, une rencontre est naturellement la formule id\u00e9ale mais il est \u00e9galement tout \u00e0 fait possible de le faire \u00e0 distance.<br>Une conversation t\u00e9l\u00e9phonique sera alors tr\u00e8s utile pour jeter les bases du projet.<br><br><br>Soucieux depuis toujours du respect de nos ressources naturelles, <br>je transformerait avec grand plaisir les m\u00e9taux pr\u00e9cieux de vos ancien bijoux en de nouvelles compositions.<\/h1>\t\t<\/div>\n\t\t\t\t<\/div>\n\t\t\t\t\t<\/div>\n\t\t<\/div>\n\t\t\t\t\t\t\t<\/div>\n\t\t<\/section>\n\t\t\t\t<section class=\"elementor-section elementor-top-section elementor-element elementor-element-444b3c45 elementor-section-height-min-height elementor-section-boxed elementor-section-height-default elementor-section-items-middle\" data-id=\"444b3c45\" data-element_type=\"section\" data-settings=\"{&quot;background_background&quot;:&quot;classic&quot;}\">\n\t\t\t\t\t\t\t<div class=\"elementor-background-overlay\"><\/div>\n\t\t\t\t\t\t\t<div class=\"elementor-container elementor-column-gap-default\">\n\t\t\t\t\t<div class=\"elementor-column elementor-col-100 elementor-top-column elementor-element elementor-element-670c0c4d\" data-id=\"670c0c4d\" data-element_type=\"column\">\n\t\t\t<div class=\"elementor-widget-wrap elementor-element-populated\">\n\t\t\t\t\t\t\t\t<div class=\"elementor-element elementor-element-7a08d7be elementor-widget elementor-widget-spacer\" data-id=\"7a08d7be\" data-element_type=\"widget\" data-widget_type=\"spacer.default\">\n\t\t\t\t<div class=\"elementor-widget-container\">\n\t\t\t\t\t<div class=\"elementor-spacer\">\n\t\t\t<div class=\"elementor-spacer-inner\"><\/div>\n\t\t<\/div>\n\t\t\t\t<\/div>\n\t\t\t\t<\/div>\n\t\t\t\t<div class=\"elementor-element elementor-element-3acc62fc elementor-widget elementor-widget-heading\" data-id=\"3acc62fc\" data-element_type=\"widget\" data-widget_type=\"heading.default\">\n\t\t\t\t<div class=\"elementor-widget-container\">\n\t\t\t<h1 class=\"elementor-heading-title elementor-size-default\">Patrick Guenat<br>Grand-Rue 19<br>1890 Saint-Maurice<\/h1>\t\t<\/div>\n\t\t\t\t<\/div>\n\t\t\t\t<div class=\"elementor-element elementor-element-aa5ae86 elementor-widget elementor-widget-heading\" data-id=\"aa5ae86\" data-element_type=\"widget\" data-widget_type=\"heading.default\">\n\t\t\t\t<div class=\"elementor-widget-container\">\n\t\t\t<h1 class=\"elementor-heading-title elementor-size-default\">+41 78 707 76 56<\/h1>\t\t<\/div>\n\t\t\t\t<\/div>\n\t\t\t\t<div class=\"elementor-element elementor-element-af9a389 elementor-widget elementor-widget-heading\" data-id=\"af9a389\" data-element_type=\"widget\" data-widget_type=\"heading.default\">\n\t\t\t\t<div class=\"elementor-widget-container\">\n\t\t\t<h1 class=\"elementor-heading-title elementor-size-default\"><a href=\"https:\/\/mailito:ppatrick.guenat@gmail.com\">ppatrick.guenat@gmail.com<\/a><\/h1>\t\t<\/div>\n\t\t\t\t<\/div>\n\t\t\t\t<section class=\"elementor-section elementor-inner-section elementor-element elementor-element-65ad63de elementor-section-boxed elementor-section-height-default elementor-section-height-default\" data-id=\"65ad63de\" data-element_type=\"section\">\n\t\t\t\t\t\t<div class=\"elementor-container elementor-column-gap-default\">\n\t\t\t\t\t<div class=\"elementor-column elementor-col-100 elementor-inner-column elementor-element elementor-element-519accdd\" data-id=\"519accdd\" data-element_type=\"column\">\n\t\t\t<div class=\"elementor-widget-wrap elementor-element-populated\">\n\t\t\t\t\t\t\t\t<div class=\"elementor-element elementor-element-52d2a70a elementor-widget elementor-widget-text-editor\" data-id=\"52d2a70a\" data-element_type=\"widget\" data-widget_type=\"text-editor.default\">\n\t\t\t\t<div class=\"elementor-widget-container\">\n\t\t\t\t\t<div class=\"elementor-text-editor elementor-clearfix\"><p>L&#8217;atelier-galerie est ouvert \u00a0sur rendez-vous<\/p><\/div>\n\t\t\t\t<\/div>\n\t\t\t\t<\/div>\n\t\t\t\t\t<\/div>\n\t\t<\/div>\n\t\t\t\t\t\t\t<\/div>\n\t\t<\/section>\n\t\t\t\t\t<\/div>\n\t\t<\/div>\n\t\t\t\t\t\t\t<\/div>\n\t\t<\/section>\n\t\t\t\t\t\t<\/div>\n\t\t\t\t\t<\/div>\n\t\t","protected":false},"excerpt":{"rendered":"<p>Sur mesure Pi\u00e8ces uniques, ces cr\u00e9ations peuvent \u00eatre fa\u00e7onn\u00e9es sur mesure et dans de multiples versions. Choix de formes, de design, de m\u00e9taux et de bois ou int\u00e9gration de pierres fines&#8230;Les possibilit\u00e9s sont vastes. Inspirez-vous des mod\u00e8les que vous trouverez dans la collection ou directement n\u00e9s de votre imagination (croquis, dessins&#8230;) Je vous accompagnerai de&#8230;<\/p>\n","protected":false},"author":1,"featured_media":0,"parent":0,"menu_order":0,"comment_status":"closed","ping_status":"closed","template":"","meta":{"_kad_post_transparent":"","_kad_post_title":"hide","_kad_post_layout":"fullwidth","_kad_post_sidebar_id":"","_kad_post_content_style":"unboxed","_kad_post_vertical_padding":"hide","_kad_post_feature":"hide","_kad_post_feature_position":"","_kad_post_header":false,"_kad_post_footer":false,"footnotes":""},"class_list":["post-29879","page","type-page","status-publish","hentry"],"yoast_head":"<!-- This site is optimized with the Yoast SEO plugin v15.9 - https:\/\/yoast.com\/wordpress\/plugins\/seo\/ -->\n<title>Sur mesure - guenat-creations.com<\/title>\n<meta name=\"description\" content=\"Sur mesure Pi\u00e8ces uniques, ces cr\u00e9ations peuvent \u00eatre fa\u00e7onn\u00e9es sur mesure et dans de multiples versions. Choix de formes, de design, de m\u00e9taux et de bois\" \/>\n<meta name=\"robots\" content=\"index, follow, max-snippet:-1, max-image-preview:large, max-video-preview:-1\" \/>\n<link rel=\"canonical\" href=\"https:\/\/guenat-creations.com\/accueil\/sur-mesure\" \/>\n<meta property=\"og:locale\" content=\"fr_FR\" \/>\n<meta property=\"og:type\" content=\"article\" \/>\n<meta property=\"og:title\" content=\"Sur mesure - guenat-creations.com\" \/>\n<meta property=\"og:description\" content=\"Sur mesure Pi\u00e8ces uniques, ces cr\u00e9ations peuvent \u00eatre fa\u00e7onn\u00e9es sur mesure et dans de multiples versions. Choix de formes, de design, de m\u00e9taux et de bois\" \/>\n<meta property=\"og:url\" content=\"https:\/\/guenat-creations.com\/accueil\/sur-mesure\" \/>\n<meta property=\"og:site_name\" content=\"guenat-creations.com\" \/>\n<meta property=\"article:modified_time\" content=\"2022-04-26T20:25:12+00:00\" \/>\n<meta property=\"og:image\" content=\"https:\/\/guenat-creations.com\/wp-content\/uploads\/2021\/01\/190980_195623677143517_5408834_o-1-2-1.jpg\" \/>\n\t<meta property=\"og:image:width\" content=\"1536\" \/>\n\t<meta property=\"og:image:height\" content=\"1823\" \/>\n<meta name=\"twitter:card\" content=\"summary_large_image\" \/>\n<meta name=\"twitter:label1\" content=\"Dur\u00e9e de lecture est.\">\n\t<meta name=\"twitter:data1\" content=\"1 minute\">\n<script type=\"application\/ld+json\" class=\"yoast-schema-graph\">{\"@context\":\"https:\/\/schema.org\",\"@graph\":[{\"@type\":[\"Person\",\"Organization\"],\"@id\":\"https:\/\/guenat-creations.com\/accueil\/#\/schema\/person\/118641c08029ccd67de6373c753080f3\",\"name\":\"Patplus\",\"image\":{\"@type\":\"ImageObject\",\"@id\":\"https:\/\/guenat-creations.com\/accueil\/#personlogo\",\"inLanguage\":\"fr-FR\",\"url\":\"https:\/\/guenat-creations.com\/wp-content\/uploads\/2021\/02\/cropped-IMG_3780.jpg\",\"width\":67,\"height\":357,\"caption\":\"Patplus\"},\"logo\":{\"@id\":\"https:\/\/guenat-creations.com\/accueil\/#personlogo\"},\"sameAs\":[\"https:\/\/eve.guenat-creations.com\"]},{\"@type\":\"WebSite\",\"@id\":\"https:\/\/guenat-creations.com\/accueil\/#website\",\"url\":\"https:\/\/guenat-creations.com\/accueil\/\",\"name\":\"guenat-creations.com\",\"description\":\"Just another WordPress site\",\"publisher\":{\"@id\":\"https:\/\/guenat-creations.com\/accueil\/#\/schema\/person\/118641c08029ccd67de6373c753080f3\"},\"potentialAction\":[{\"@type\":\"SearchAction\",\"target\":\"https:\/\/guenat-creations.com\/accueil\/?s={search_term_string}\",\"query-input\":\"required name=search_term_string\"}],\"inLanguage\":\"fr-FR\"},{\"@type\":\"WebPage\",\"@id\":\"https:\/\/guenat-creations.com\/accueil\/sur-mesure#webpage\",\"url\":\"https:\/\/guenat-creations.com\/accueil\/sur-mesure\",\"name\":\"Sur mesure - guenat-creations.com\",\"isPartOf\":{\"@id\":\"https:\/\/guenat-creations.com\/accueil\/#website\"},\"datePublished\":\"2021-02-09T21:38:04+00:00\",\"dateModified\":\"2022-04-26T20:25:12+00:00\",\"description\":\"Sur mesure Pi\\u00e8ces uniques, ces cr\\u00e9ations peuvent \\u00eatre fa\\u00e7onn\\u00e9es sur mesure et dans de multiples versions. Choix de formes, de design, de m\\u00e9taux et de bois\",\"breadcrumb\":{\"@id\":\"https:\/\/guenat-creations.com\/accueil\/sur-mesure#breadcrumb\"},\"inLanguage\":\"fr-FR\",\"potentialAction\":[{\"@type\":\"ReadAction\",\"target\":[\"https:\/\/guenat-creations.com\/accueil\/sur-mesure\"]}]},{\"@type\":\"BreadcrumbList\",\"@id\":\"https:\/\/guenat-creations.com\/accueil\/sur-mesure#breadcrumb\",\"itemListElement\":[{\"@type\":\"ListItem\",\"position\":1,\"item\":{\"@type\":\"WebPage\",\"@id\":\"https:\/\/guenat-creations.com\/accueil\/\",\"url\":\"https:\/\/guenat-creations.com\/accueil\/\",\"name\":\"Accueil\"}},{\"@type\":\"ListItem\",\"position\":2,\"item\":{\"@type\":\"WebPage\",\"@id\":\"https:\/\/guenat-creations.com\/accueil\/sur-mesure\",\"url\":\"https:\/\/guenat-creations.com\/accueil\/sur-mesure\",\"name\":\"Sur mesure\"}}]}]}<\/script>\n<!-- \/ Yoast SEO plugin. -->","_links":{"self":[{"href":"https:\/\/guenat-creations.com\/accueil\/wp-json\/wp\/v2\/pages\/29879","targetHints":{"allow":["GET"]}}],"collection":[{"href":"https:\/\/guenat-creations.com\/accueil\/wp-json\/wp\/v2\/pages"}],"about":[{"href":"https:\/\/guenat-creations.com\/accueil\/wp-json\/wp\/v2\/types\/page"}],"author":[{"embeddable":true,"href":"https:\/\/guenat-creations.com\/accueil\/wp-json\/wp\/v2\/users\/1"}],"replies":[{"embeddable":true,"href":"https:\/\/guenat-creations.com\/accueil\/wp-json\/wp\/v2\/comments?post=29879"}],"version-history":[{"count":112,"href":"https:\/\/guenat-creations.com\/accueil\/wp-json\/wp\/v2\/pages\/29879\/revisions"}],"predecessor-version":[{"id":31059,"href":"https:\/\/guenat-creations.com\/accueil\/wp-json\/wp\/v2\/pages\/29879\/revisions\/31059"}],"wp:attachment":[{"href":"https:\/\/guenat-creations.com\/accueil\/wp-json\/wp\/v2\/media?parent=29879"}],"curies":[{"name":"wp","href":"https:\/\/api.w.org\/{rel}","templated":true}]}}